{"id":11129,"date":"2025-09-08T11:58:17","date_gmt":"2025-09-08T10:58:17","guid":{"rendered":"https:\/\/luethi-tank.ch\/mentions-legales\/"},"modified":"2026-01-29T18:51:17","modified_gmt":"2026-01-29T17:51:17","slug":"mentions-legales","status":"publish","type":"page","link":"https:\/\/luethi-tank.ch\/fr\/mentions-legales\/","title":{"rendered":"Mentions l\u00e9gales"},"content":{"rendered":"\t\t<div data-elementor-type=\"wp-page\" data-elementor-id=\"11129\" class=\"elementor elementor-11129 elementor-6360\" data-elementor-post-type=\"page\">\n\t\t\t\t<div class=\"elementor-element elementor-element-17c92560 e-flex e-con-boxed e-con e-parent\" data-id=\"17c92560\" data-element_type=\"container\" data-e-type=\"container\" data-settings=\"{&quot;background_background&quot;:&quot;classic&quot;}\">\n\t\t\t\t\t<div class=\"e-con-inner\">\n\t\t\t\t<div class=\"elementor-element elementor-element-78de8b32 elementor-widget elementor-widget-heading\" data-id=\"78de8b32\" data-element_type=\"widget\" data-e-type=\"widget\" data-widget_type=\"heading.default\">\n\t\t\t\t<div class=\"elementor-widget-container\">\n\t\t\t\t\t<h1 class=\"elementor-heading-title elementor-size-default\">Mentions l\u00e9gales<\/h1>\t\t\t\t<\/div>\n\t\t\t\t<\/div>\n\t\t\t\t\t<\/div>\n\t\t\t\t<\/div>\n\t\t<div class=\"elementor-element elementor-element-f0dd4a0 e-flex e-con-boxed e-con e-parent\" data-id=\"f0dd4a0\" data-element_type=\"container\" data-e-type=\"container\" data-settings=\"{&quot;background_background&quot;:&quot;classic&quot;}\">\n\t\t\t\t\t<div class=\"e-con-inner\">\n\t\t\t\t<div class=\"elementor-element elementor-element-c7b4def elementor-widget elementor-widget-text-editor\" data-id=\"c7b4def\" data-element_type=\"widget\" data-e-type=\"widget\" data-widget_type=\"text-editor.default\">\n\t\t\t\t<div class=\"elementor-widget-container\">\n\t\t\t\t\t\t\t\t\t<p>Editeur et responsable du contenu :<br>L\u00fcthi Tank Service AG<br>Mettlenweg 9b<br>2504 Biel\/Bienne<br>Vente : 032 341 37 02<br>Administration : 032 552 14 45<br>info@luethi-tank.ch<br><br><\/p><p>Utilisation des images :<br>Toutes les images sont prot\u00e9g\u00e9es par des droits d&rsquo;auteur. Il est interdit d&rsquo;utiliser, de reproduire ou de modifier ces \u0153uvres sans l&rsquo;autorisation de leurs auteurs. Le non-respect de la loi sur les droits d&rsquo;auteur est passible de poursuites civiles.  <br><br><\/p><p>D\u00e9veloppement :<br>Armin Oppliger<br>Agence web<br>T +41 79 344 07 33<br>mail@arminoppliger.ch<br><a href=\"http:\/\/arminoppliger.ch\" target=\"_blank\" rel=\"noopener\">arminoppliger.ch<\/a><br><br><\/p><p>Design&amp;photographie :<br>ueligyger.ch<br>weingartenstrasse 21<br>3652 hilterfingen<br>T +41 79 432 92 69<br>mail@ueligyger.ch<br> ueligyger<a href=\"http:\/\/ueligyger.ch\" target=\"_blank\" rel=\"noopener\">.ch<\/a><br><br><\/p><p>SEO &amp; Ads<br>Avec l&rsquo;aimable soutien de :<br>Laudatio Internet Services SEO-Emmental<br><a href=\"https:\/\/seo-emmental.ch\/\" target=\"_blank\" rel=\"noopener noreferrer\">www.seo-emmental.ch<\/a><\/p>\t\t\t\t\t\t\t\t<\/div>\n\t\t\t\t<\/div>\n\t\t\t\t\t<\/div>\n\t\t\t\t<\/div>\n\t\t\t\t<\/div>\n\t\t","protected":false},"excerpt":{"rendered":"<p>Mentions l\u00e9gales Editeur et responsable du contenu :L\u00fcthi Tank Service AGMettlenweg 9b2504 Biel\/BienneVente : 032 341 37 02Administration : 032 552 14 45info@luethi-tank.ch Utilisation des images :Toutes les images sont prot\u00e9g\u00e9es par des droits d&rsquo;auteur. Il est interdit d&rsquo;utiliser, de reproduire ou de modifier ces \u0153uvres sans l&rsquo;autorisation de leurs auteurs. Le non-respect de la [&hellip;]<\/p>\n","protected":false},"author":7,"featured_media":0,"parent":0,"menu_order":43,"comment_status":"closed","ping_status":"closed","template":"","meta":{"_acf_changed":false,"footnotes":""},"class_list":["post-11129","page","type-page","status-publish","hentry"],"acf":[],"_links":{"self":[{"href":"https:\/\/luethi-tank.ch\/fr\/wp-json\/wp\/v2\/pages\/11129","targetHints":{"allow":["GET"]}}],"collection":[{"href":"https:\/\/luethi-tank.ch\/fr\/wp-json\/wp\/v2\/pages"}],"about":[{"href":"https:\/\/luethi-tank.ch\/fr\/wp-json\/wp\/v2\/types\/page"}],"author":[{"embeddable":true,"href":"https:\/\/luethi-tank.ch\/fr\/wp-json\/wp\/v2\/users\/7"}],"replies":[{"embeddable":true,"href":"https:\/\/luethi-tank.ch\/fr\/wp-json\/wp\/v2\/comments?post=11129"}],"version-history":[{"count":1,"href":"https:\/\/luethi-tank.ch\/fr\/wp-json\/wp\/v2\/pages\/11129\/revisions"}],"predecessor-version":[{"id":11130,"href":"https:\/\/luethi-tank.ch\/fr\/wp-json\/wp\/v2\/pages\/11129\/revisions\/11130"}],"wp:attachment":[{"href":"https:\/\/luethi-tank.ch\/fr\/wp-json\/wp\/v2\/media?parent=11129"}],"curies":[{"name":"wp","href":"https:\/\/api.w.org\/{rel}","templated":true}]}}